{"id":29,"date":"2014-12-09T13:28:07","date_gmt":"2014-12-09T11:28:07","guid":{"rendered":"http:\/\/www.skiclub-troesel.de\/wordpress\/?page_id=29"},"modified":"2014-12-09T13:48:07","modified_gmt":"2014-12-09T11:48:07","slug":"chronik","status":"publish","type":"page","link":"https:\/\/www.skiclub-troesel.de\/wordpress\/?page_id=29","title":{"rendered":"Chronik"},"content":{"rendered":"<div class=\"teaser\">Es war im Jahr 1970, als 8 Mitglieder der TG Jahn Tr\u00f6sel im Gasthaus &#8222;Zum K\u00fchlen Grund&#8220; den Skiclub, eine Abteilung der TG Jahn Tr\u00f6sel, gr\u00fcndeten.<\/div>\n<p>&nbsp;<\/p>\n<div class=\"text\">\n<p>Da zu dieser Zeit dem Wintersport als Ausgleichssport eine immer gr\u00f6\u00dfere Bedeutung zukam, wollte man auch in Tr\u00f6sel diese weitere sportliche M\u00f6glichkeit anbieten. Initiatoren waren die Gr\u00fcndungsmitglieder Horst Pritzke, Richard Bernert, Werner Kunkel, Herbert G\u00f6res, Albert Mayer, Heinz Stumpf, Herbert L\u00f6ffler und Hermann Maier. Horst Pritzke wurde einstimmig zum 1. Vorsitzenden der Abteilung gew\u00e4hlt. Von Anfang an erfuhr der Skiclub sehr schnell einen gro\u00dfen Zuspruch, so dass zwei Jahre sp\u00e4ter schon 40 Mitglieder der Abteilung angeh\u00f6rten. Nach \u00fcber 13 Jahren erfolgreicher Arbeit, in der die Abteilung aufgebaut, erweitert und gefestigt wurde, \u00fcbergab Horst Pritzke 1984 die Leitung an Heinz Stumpf.Im Jahre 1990 feierte der Skiclub Tr\u00f6sel sein 20-j\u00e4hriges Jubil\u00e4um. Gestaltet wurde das Programm von den aus Rundfunk und Fernsehen bekannten &#8222;Die 3 Z&#8217;widern&#8220;, der Jazztanzgruppe der TG Jahn und einer 35 Mann starken Blaskapelle aus dem Chiemgau. Der Zuspruch der Bev\u00f6lkerung war sehr gro\u00df und man erlebte einen stimmungsvollen Abend.<\/p>\n<p>Im Jahre 1995 traf man sich wieder zum 25-j\u00e4hrigen Jubil\u00e4um. Hier wurden besonders die Gr\u00fcndungsmitglieder und Personen, die sich um den Verein verdient gemacht haben, geehrt. Nach der Ehrung wurde mit den &#8222;Romanticas&#8220; noch flei\u00dfig das Tanzbein geschwungen. Eine Modeschau der Mitglieder sorgte f\u00fcr weitere Unterhaltung. Das Fest fand mit einem Fr\u00fchschoppen und dem Musikverein Gorxheimertal einen w\u00fcrdigen Abschluss.<\/p>\n<p>Als originellen Einfall darf man das Daumbergrennen bezeichnen, das mit einer L\u00e4nge von rund 2000 m das l\u00e4ngste der ganzen Region sein d\u00fcrfte. Es entwickelte sich zur Attraktion und alle benachbarten Vereine schickten ihre Teilnehmer, so dass meistens \u00fcber 100 Skifahrer am Start waren. Es ist eine Abfahrt, die man gefahren sein muss. Nach einer kurzen Steilfahrt kommt die gef\u00fcrchtete Querpassage, wo jeder Fahrer, will er gewinnen, die letzten Reserven aus seinem K\u00f6rper herausholen muss, um sich dann mit weichen Knien um die B\u00e4ume zu schl\u00e4ngeln. Nach kurzer Erholungsphase mit einem letzten Blick auf unser sch\u00f6nes Tr\u00f6sel geht es dann in den gef\u00fcrchteten Steilhang dem Ziel entgegen. Nur die Besten \u00fcberstehen die Belastungen, fordert dieses Rennen doch die ganze Breite skifahrerisches K\u00f6nnens. Kein Wunder, dass sich dieses Rennen als Attraktion unserer Region entwickelte. Leider sind die Schneeverh\u00e4ltnisse in den letzten Jahren oftmals so schlecht, dass dieses beliebte Rennen nicht jedes Jahr stattfinden kann. Jedoch beim Siegfried Stephold Ged\u00e4chtsnisrennen im Jahr 1997 waren bei strahlend blauen Himmel 120 Skifahrer am Start, die unter dem Jubel von \u00fcber 500 Zuschauern den steilen Zielhang meisterten. Steffen Schweikert erzielte mit der Zeit von 2:11,4 Minuten einen neuen Streckenrekord.<br \/>\nDie Sieger des Daumbergrennens waren Manfred Schweikert (1979, 1981), Markus Weinmann (1982), Steffen Schweikert (1984, 1988, 1990, 1997) und Dirk Lehner (2002).<\/p>\n<p>Um die besten Skifahrer des Skiclubs zu ermitteln, werden j\u00e4hrlich die Vereinsmeisterschaften durchgef\u00fchrt. Da bei uns durch die Schneeverh\u00e4ltnisse in der Regel keine regul\u00e4ren Bedingungen f\u00fcr einen Wettkampf gegeben sind, wich man in den Schwarzwald (Todtnauberg) oder in die Alpen (W\u00e4ngle, Mellau) aus. Diese Veranstaltungen erfreuen sich immer einer gro\u00dfen Beliebtheit, denn in den letzten Jahren fuhren immer um 100 Teilnehmer nach W\u00e4ngle, wo wir insgesamt 14. Mal unsere Vereinsmeisterschaften durchf\u00fchrten. Dabei wurde nicht nur den sportlichen W\u00fcnschen Rechnung getragen, sondern es wurden auch viele sch\u00f6ne Stunden in gemeinsamer, geselliger Runde beim &#8218;Freddy&#8216; oder auf der Cilly-H\u00fctte verlebt.<br \/>\nIn 2003 wechselte man nach 14 Jahren W\u00e4ngle den Austragungsort der Vereinsmeisterschaften. Man verbrachte tolle Tage in Saalbach-Hinterglemm.<\/p>\n<p>Eine sportliche Herausforderung, an der der Skiclub seit 1995 j\u00e4hrlich teilnimmt, ist das l\u00e4ngste Abfahrtsrennen der Welt in M\u00fcrren. Hier haben Heinz Stumpf und Gerhard Emig 1978 als erste vom Skiclub teilgenommen. Die 15,67 Kilometer mit einer H\u00f6hendifferenz von 1900 m vom Schilthorn nach Lauterbrunn fordern von jedem Abfahrtsl\u00e4ufer ein gutes skifahrerisches K\u00f6nnen und eine gute Kondition. Nach diesem Rennen wei\u00df jeder, was er geleistet hat und wird durch die hei\u00dfbegehreten Silber- und Bronzemedaillen und Diplome belohnt.<br \/>\n1997 meisterten die Skil\u00e4ufer des Skiclubs die Abfahrt trotz hoher Startnummern mit gl\u00e4nzenden Zeiten, so dass sie die f\u00fcnftbeste Mannschaft von Deutschland und 1998 sogar die zweitbeste waren!<\/p>\n<p>Im Jahre 1984 hat der Skiclub wieder eine alte Tradition ins Leben gerufen, das &#8222;Kerweausgraben&#8220;. Mit gro\u00dfem Arbeitsaufwand bauen die Mitglieder jedes Jahr das Skizelt auf und pr\u00e4sentieren bei freiem Eintritt namhafte Kapellen. Hier trifft sich Jung und Alt, um von freitags bis montags z\u00fcnftig die Kerwe zu feiern. In jedem Jahr konnten wir uns \u00fcber den gro\u00dfen Zuspruch der Bev\u00f6lkerung freuen, denn durch gute Bewirtung, Tanz- und Unterhaltungsmusik wurde im Skizelt immer ein attraktives Programm geboten. Auch in diesem Jahr sorgen die Kapellen &#8222;Empire&#8220; und &#8222;Cindys&#8220; f\u00fcr Stimmung.<\/p>\n<p>Wenn es im Winter die Schneeverh\u00e4ltnisse zulassen, dann k\u00f6nnen die Mitglieder an 2 Liftanlagen Ski fahren und zum Aufw\u00e4rmen und zur St\u00e4rkung trifft man sich in der Skih\u00fctte, die gleich zu Beginn der Gr\u00fcndung gebaut wurde. 1997 wurde sie von Grund auf neu renoviert und nach vielen Arbeitsstunden konnte sie im Juni den Mitgliedern als ein Schmuckst\u00fcck pr\u00e4sentiert werden. In ihr finden viele gesellige Veranstaltungen wie Silvesterfeier, Almauftrieb und Kappenabend statt. Auch ist die Skih\u00fctte immer Etappenziel bei der Wanderung in den Mai, der Fr\u00fchjahrs- und Herbstwanderung.<\/p>\n<p>Durch den direkten Kontakt von Heinz Stumpf und Siegfried Ehrhard konnte der Skiclub 1999 zum ersten Mal &#8222;Jet Hans&#8220;, die Stimmungskanone aus Ischgl, in Tr\u00f6sel pr\u00e4sentieren. Diese Apres-Ski-Feiern wurden ein Aush\u00e4ngeschild des Skiclubs, denn durch die gute Stimmungsmusik und die sch\u00f6ne Dekoration waren alle Besucher total begeistert.<\/p>\n<p>In der Jahreshauptversammlung am 08.06.2002 trat Heinz Stumpf nach 18 Jahren als 1. Vorsitzender des Skiclub Tr\u00f6sel zur\u00fcck. Er wird aber auch weiterhin aktiv in der Vorstandschaft mitarbeiten. Die Verdienste von Heinz Stumpf f\u00fcr den Skiclub sind unbestritten. Er ist Gr\u00fcndungsmitglied und war bei allen T\u00e4tigkeiten in den Anfangsjahren ma\u00dfgeblich beteiligt. Als Dank und Anerkennung wurde Heinz Stumpf einstimmig zum Ehrenvorsitzenden der Skiabteilung ernannt. Als neuer 1. Vorsitzender wurde Ralf Mayer gew\u00e4hlt.<\/p>\n<\/div>\n","protected":false},"excerpt":{"rendered":"<p>Es war im Jahr 1970, als 8 Mitglieder der TG Jahn Tr\u00f6sel im Gasthaus &#8222;Zum K\u00fchlen Grund&#8220; den Skiclub, eine Abteilung der TG Jahn Tr\u00f6sel, gr\u00fcndeten. &nbsp; Da zu dieser Zeit dem Wintersport als Ausgleichssport eine immer gr\u00f6\u00dfere Bedeutung zukam, &#8230; <a class=\"more-link\" href=\"https:\/\/www.skiclub-troesel.de\/wordpress\/?page_id=29\">Read More &raquo;<\/a><\/p>\n","protected":false},"author":3,"featured_media":0,"parent":0,"menu_order":0,"comment_status":"closed","ping_status":"open","template":"","meta":{"footnotes":""},"class_list":["post-29","page","type-page","status-publish","hentry"],"_links":{"self":[{"href":"https:\/\/www.skiclub-troesel.de\/wordpress\/index.php?rest_route=\/wp\/v2\/pages\/29","targetHints":{"allow":["GET"]}}],"collection":[{"href":"https:\/\/www.skiclub-troesel.de\/wordpress\/index.php?rest_route=\/wp\/v2\/pages"}],"about":[{"href":"https:\/\/www.skiclub-troesel.de\/wordpress\/index.php?rest_route=\/wp\/v2\/types\/page"}],"author":[{"embeddable":true,"href":"https:\/\/www.skiclub-troesel.de\/wordpress\/index.php?rest_route=\/wp\/v2\/users\/3"}],"replies":[{"embeddable":true,"href":"https:\/\/www.skiclub-troesel.de\/wordpress\/index.php?rest_route=%2Fwp%2Fv2%2Fcomments&post=29"}],"version-history":[{"count":2,"href":"https:\/\/www.skiclub-troesel.de\/wordpress\/index.php?rest_route=\/wp\/v2\/pages\/29\/revisions"}],"predecessor-version":[{"id":31,"href":"https:\/\/www.skiclub-troesel.de\/wordpress\/index.php?rest_route=\/wp\/v2\/pages\/29\/revisions\/31"}],"wp:attachment":[{"href":"https:\/\/www.skiclub-troesel.de\/wordpress\/index.php?rest_route=%2Fwp%2Fv2%2Fmedia&parent=29"}],"curies":[{"name":"wp","href":"https:\/\/api.w.org\/{rel}","templated":true}]}}