{"id":12,"date":"2014-10-06T12:35:33","date_gmt":"2014-10-06T10:35:33","guid":{"rendered":"http:\/\/www.skiclub-troesel.de\/wordpress\/?page_id=12"},"modified":"2014-12-09T13:26:32","modified_gmt":"2014-12-09T11:26:32","slug":"webcam","status":"publish","type":"page","link":"https:\/\/www.skiclub-troesel.de\/wordpress\/?page_id=12","title":{"rendered":"Webcam"},"content":{"rendered":"<p>Die TG Jahn Tr\u00f6sel pr\u00e4sentiert die 1. \u00f6ffentliche Webcam im Gorxheimertal!<\/p>\n<p>&nbsp;<\/p>\n<p><img loading=\"lazy\" decoding=\"async\" class=\"aligncenter\" title=\"Webcam TG Jahn Troesel\" src=\"http:\/\/www.skiclub-troesel.de\/webcam\/TGJAHNWEBCAM.jpg\" alt=\"Webcam TG Jahn Troesel\" width=\"320\" height=\"240\" border=\"0\" \/><\/p>\n<p>Die Installation der Webcam wurde von der Gemeinde mit der Auflage genehmigt, dass einzelne Personen nicht erkennbar sind. Dauerhaft gespeichert werden die Aufnahmen nicht, sondern alle 5 Minuten mit dem neuen Bild &#8222;\u00fcberschrieben&#8220;.<\/p>\n<p>Damit sind m\u00f6gliche datenschutzrechtliche Bedenken ausger\u00e4umt.<\/p>\n<p>Wir w\u00fcnschen viel Spa\u00df mit diesem Service der TG Jahn Tr\u00f6sel.<\/p>\n<p><strong>Einbindung von Daten auf andere Internetseiten <\/strong><\/p>\n<p>Die TG Jahn Tr\u00f6sel kann auf Anfrage das jederzeit widerrufbare Recht erteilen, diverse Daten seiner Plattform in andere Plattformen einzubinden.<br \/>\nDie Einbindung darf nur nach den Vorgaben der TG Jahn Tr\u00f6sel erfolgen. Ver\u00e4nderungen beispielsweise am vorgegebenen Code d\u00fcrfen nicht vorgenommen werden.<\/p>\n<p>Die Verwendung, Verbreitung und Weiterverarbeitung des Webcam-Bildes ist nur mit ausdr\u00fccklicher Genehmigung der TG Jahn Tr\u00f6sel erlaubt.<\/p>\n","protected":false},"excerpt":{"rendered":"<p>Die TG Jahn Tr\u00f6sel pr\u00e4sentiert die 1. \u00f6ffentliche Webcam im Gorxheimertal! &nbsp; Die Installation der Webcam wurde von der Gemeinde mit der Auflage genehmigt, dass einzelne Personen nicht erkennbar sind. Dauerhaft gespeichert werden die Aufnahmen nicht, sondern alle 5 Minuten &#8230; <a class=\"more-link\" href=\"https:\/\/www.skiclub-troesel.de\/wordpress\/?page_id=12\">Read More &raquo;<\/a><\/p>\n","protected":false},"author":1,"featured_media":0,"parent":0,"menu_order":0,"comment_status":"closed","ping_status":"open","template":"","meta":{"footnotes":""},"class_list":["post-12","page","type-page","status-publish","hentry"],"_links":{"self":[{"href":"https:\/\/www.skiclub-troesel.de\/wordpress\/index.php?rest_route=\/wp\/v2\/pages\/12","targetHints":{"allow":["GET"]}}],"collection":[{"href":"https:\/\/www.skiclub-troesel.de\/wordpress\/index.php?rest_route=\/wp\/v2\/pages"}],"about":[{"href":"https:\/\/www.skiclub-troesel.de\/wordpress\/index.php?rest_route=\/wp\/v2\/types\/page"}],"author":[{"embeddable":true,"href":"https:\/\/www.skiclub-troesel.de\/wordpress\/index.php?rest_route=\/wp\/v2\/users\/1"}],"replies":[{"embeddable":true,"href":"https:\/\/www.skiclub-troesel.de\/wordpress\/index.php?rest_route=%2Fwp%2Fv2%2Fcomments&post=12"}],"version-history":[{"count":3,"href":"https:\/\/www.skiclub-troesel.de\/wordpress\/index.php?rest_route=\/wp\/v2\/pages\/12\/revisions"}],"predecessor-version":[{"id":28,"href":"https:\/\/www.skiclub-troesel.de\/wordpress\/index.php?rest_route=\/wp\/v2\/pages\/12\/revisions\/28"}],"wp:attachment":[{"href":"https:\/\/www.skiclub-troesel.de\/wordpress\/index.php?rest_route=%2Fwp%2Fv2%2Fmedia&parent=12"}],"curies":[{"name":"wp","href":"https:\/\/api.w.org\/{rel}","templated":true}]}}