{"id":10,"date":"2014-10-06T12:34:37","date_gmt":"2014-10-06T10:34:37","guid":{"rendered":"http:\/\/www.skiclub-troesel.de\/wordpress\/?page_id=10"},"modified":"2017-08-21T09:13:18","modified_gmt":"2017-08-21T07:13:18","slug":"impressum","status":"publish","type":"page","link":"https:\/\/www.skiclub-troesel.de\/wordpress\/?page_id=10","title":{"rendered":"Impressum"},"content":{"rendered":"<p>Verantwortlich als Diensteanbieter im Sinnes des Presserechts und des \u00a7 6 des Mediendienste &#8211; Staatsvertrages (MDStV):<\/p>\n<p>TG JAHN Tr\u00f6sel 1924 e.V.<\/p>\n<p>Im Wollenklingen 19<\/p>\n<p>69517 Gorxheimertal<\/p>\n<p>Tel.: 06201 &#8211; 22074<\/p>\n<p>eMail: webmaster@skiclub-troesel.de<\/p>\n<p>Internet: www.tgjahn.de<\/p>\n<p>Vereinsregister: Amtsgericht 36 175 ,VR Darmstadt<\/p>\n<p>Steuernummer: 01725040446<\/p>\n<p>Vertretungsberechtigte:<\/p>\n<p>Pr\u00e4sidium:<\/p>\n<p>Silvia M\u00f6ller (1.Vorsitzender)<\/p>\n<p>Ren\u00e9 Becker (2.Vorsitzender)<\/p>\n<p>Vanessa Fels (3. Vorsitzende)<\/p>\n<p>Inhaltlich Verantwortliche gem\u00e4\u00df \u00a7 6 MDStV: J\u00fcrgen M\u00f6ller<\/p>\n<p>Rechtshinweis:<\/p>\n<p>Die TG JAHN Tr\u00f6sel \u00fcbernimmt keine Gew\u00e4hr f\u00fcr die Richtigkeit, Vollst\u00e4ndigkeit und Aktualit\u00e4t der auf der Website befindlichen Daten und Information.<\/p>\n<p>Ebenso \u00fcbernimmt TG JAHN Tr\u00f6sel keine Haftung f\u00fcr direkte oder indirekte Sch\u00e4den, die durch die Nutzung der auf der Website befindlichen Daten und Informationen entstehen.<\/p>\n<p>In jedem Falle haftet die TG JAHN Tr\u00f6sel nur bei vors\u00e4tzlicher oder grob fahrl\u00e4ssiger Verursachung eines Schadens, soweit nicht zwingende gesetzliche Vorschriften eine uneingeschr\u00e4nkte Haftung vorsehen.<\/p>\n<p>Die Nutzung des Internets erfolgt auf eigene Gefahr des Nutzers.<\/p>\n<p>Die TG JAHN Tr\u00f6sel haftet insbesondere nicht f\u00fcr den technisch bedingten Ausfall des Internets bzw. des Zugangs zum Internet.<\/p>\n<p>Es ist gestattet, einen Hyperlink (Internetverkn\u00fcpfung) auf die Website zu setzen, soweit er allein der Querreferenz dient.<\/p>\n<p>Das Framen der Website ist nicht gestattet.<\/p>\n<p>Die TG JAHN Tr\u00f6sel erm\u00f6glicht es dem Nutzer, \u00fcber Verweise und Hyperlinks auf die Websites anderer Anbieter zuzugreifen. Hyperlinks auf andere Anbieter wurden durch die TG JAHN Tr\u00f6sel nicht gepr\u00fcft, die Haftung f\u00fcr deren Inhalte ist ausgeschlossen.<\/p>\n<p>Die TG JAHN Tr\u00f6sel distanziert sich hiermit ausdr\u00fccklich von allen Inhalten s\u00e4mtlicher gelinkter Seiten auf seinen Internetseiten und verweist darauf, dass er weder Einfluss auf Gestaltung und Inhalte der gelinkten Seiten hat noch sich diese Inhalte zu eigen macht.<\/p>\n<p>F\u00fcr rechtswidrige, fehlerhafte oder unvollst\u00e4ndige Inhalte und f\u00fcr Sch\u00e4den, die aufgrund der Nutzung eines hinter dem Verweis oder Hyperlink liegenden Inhalts verursacht worden sind, haftet die TG JAHN Tr\u00f6sel daher nicht.<\/p>\n","protected":false},"excerpt":{"rendered":"<p>Verantwortlich als Diensteanbieter im Sinnes des Presserechts und des \u00a7 6 des Mediendienste &#8211; Staatsvertrages (MDStV): TG JAHN Tr\u00f6sel 1924 e.V. Im Wollenklingen 19 69517 Gorxheimertal Tel.: 06201 &#8211; 22074 eMail: webmaster@skiclub-troesel.de Internet: www.tgjahn.de Vereinsregister: Amtsgericht 36 175 ,VR Darmstadt &#8230; <a class=\"more-link\" href=\"https:\/\/www.skiclub-troesel.de\/wordpress\/?page_id=10\">Read More &raquo;<\/a><\/p>\n","protected":false},"author":1,"featured_media":0,"parent":0,"menu_order":0,"comment_status":"closed","ping_status":"open","template":"","meta":{"footnotes":""},"class_list":["post-10","page","type-page","status-publish","hentry"],"_links":{"self":[{"href":"https:\/\/www.skiclub-troesel.de\/wordpress\/index.php?rest_route=\/wp\/v2\/pages\/10","targetHints":{"allow":["GET"]}}],"collection":[{"href":"https:\/\/www.skiclub-troesel.de\/wordpress\/index.php?rest_route=\/wp\/v2\/pages"}],"about":[{"href":"https:\/\/www.skiclub-troesel.de\/wordpress\/index.php?rest_route=\/wp\/v2\/types\/page"}],"author":[{"embeddable":true,"href":"https:\/\/www.skiclub-troesel.de\/wordpress\/index.php?rest_route=\/wp\/v2\/users\/1"}],"replies":[{"embeddable":true,"href":"https:\/\/www.skiclub-troesel.de\/wordpress\/index.php?rest_route=%2Fwp%2Fv2%2Fcomments&post=10"}],"version-history":[{"count":5,"href":"https:\/\/www.skiclub-troesel.de\/wordpress\/index.php?rest_route=\/wp\/v2\/pages\/10\/revisions"}],"predecessor-version":[{"id":195,"href":"https:\/\/www.skiclub-troesel.de\/wordpress\/index.php?rest_route=\/wp\/v2\/pages\/10\/revisions\/195"}],"wp:attachment":[{"href":"https:\/\/www.skiclub-troesel.de\/wordpress\/index.php?rest_route=%2Fwp%2Fv2%2Fmedia&parent=10"}],"curies":[{"name":"wp","href":"https:\/\/api.w.org\/{rel}","templated":true}]}}